{"id":6871,"date":"2022-11-30T17:01:27","date_gmt":"2022-11-30T16:01:27","guid":{"rendered":"https:\/\/www.associazione-culturale-europea.eu\/?page_id=6871"},"modified":"2022-11-30T20:51:23","modified_gmt":"2022-11-30T19:51:23","slug":"privacy","status":"publish","type":"page","link":"https:\/\/www.associazione-culturale-europea.eu\/index.php\/privacy\/","title":{"rendered":"INFORMATIVA PRIVACY"},"content":{"rendered":"\t\t<div data-elementor-type=\"wp-page\" data-elementor-id=\"6871\" class=\"elementor elementor-6871\" data-elementor-post-type=\"page\">\n\t\t\t\t\t\t<section class=\"elementor-section elementor-top-section elementor-element elementor-element-0455dc0 elementor-section-boxed elementor-section-height-default elementor-section-height-default\" data-id=\"0455dc0\" data-element_type=\"section\" data-e-type=\"section\">\n\t\t\t\t\t\t<div class=\"elementor-container elementor-column-gap-default\">\n\t\t\t\t\t<div class=\"elementor-column elementor-col-100 elementor-top-column elementor-element elementor-element-3e631cb\" data-id=\"3e631cb\" data-element_type=\"column\" data-e-type=\"column\">\n\t\t\t<div class=\"elementor-widget-wrap elementor-element-populated\">\n\t\t\t\t\t\t<div class=\"elementor-element elementor-element-625b502 elementor-widget elementor-widget-heading\" data-id=\"625b502\" data-element_type=\"widget\" data-e-type=\"widget\" data-widget_type=\"heading.default\">\n\t\t\t\t<div class=\"elementor-widget-container\">\n\t\t\t\t\t<h4 class=\"elementor-heading-title elementor-size-default\">INFORMATIVA PRIVACY RESA AI SENSI DEL REGOLAMENTO 2016\/679\/UE GDPR \n(REGOLAMENTO EUROPEO SULLA PROTEZIONE DEI DATI PERSONALI) \u2013 ARTICOLI 13 E SEGUENTI \n<\/h4>\t\t\t\t<\/div>\n\t\t\t\t<\/div>\n\t\t\t\t\t<\/div>\n\t\t<\/div>\n\t\t\t\t\t<\/div>\n\t\t<\/section>\n\t\t\t\t<section class=\"elementor-section elementor-top-section elementor-element elementor-element-f93e8e7 elementor-section-boxed elementor-section-height-default elementor-section-height-default\" data-id=\"f93e8e7\" data-element_type=\"section\" data-e-type=\"section\">\n\t\t\t\t\t\t<div class=\"elementor-container elementor-column-gap-default\">\n\t\t\t\t\t<div class=\"elementor-column elementor-col-50 elementor-top-column elementor-element elementor-element-ed74874\" data-id=\"ed74874\" data-element_type=\"column\" data-e-type=\"column\">\n\t\t\t<div class=\"elementor-widget-wrap elementor-element-populated\">\n\t\t\t\t\t\t<div class=\"elementor-element elementor-element-cde0346 elementor-widget elementor-widget-text-editor\" data-id=\"cde0346\" data-element_type=\"widget\" data-e-type=\"widget\" data-widget_type=\"text-editor.default\">\n\t\t\t\t<div class=\"elementor-widget-container\">\n\t\t\t\t\t\t\t\t\t<p><strong>L\u2019 Associazione Culturale Europea (ACE)<\/strong>, con sede legale c\/o JRC in via Enrico Fermi n. 2749, 21027 Ispra, in qualit\u00e0 di titolare del trattamento dati desidera fornirle indicazioni circa il trattamento dei suoi dati personali, che sar\u00e0 improntato, come da normativa indicata, sui principi di correttezza, liceit\u00e0, trasparenza e di tutela della Sua riservatezza e dei Suoi diritti. I dati personali (nome, cognome, telefono, indirizzo email, indirizzo di residenza, luogo e data di nascita, Codice Fiscale, estremi del Documento di Riconoscimento, etc.), saranno forniti al momento della richiesta di adesione all&#8217;Associazione. In caso di qualsiasi dubbio o chiarimento rispetto a quanto riportato di seguito, La invitiamo a contattarci ai recapiti sotto indicati.<\/p><p><strong><br \/>Definizioni principali<br \/><\/strong>Il \u00abdato personale\u00bb e\u0300 qualsiasi informazione riguardante una persona fisica identificata o identificabile (\u00abinteressato\u00bb); si considera identificabile la persona fisica che pu\u00f2 essere identificata, direttamente o indirettamente, con particolare riferimento a un identificativo come il nome, un numero di identificazione, dati relativi all\u2019ubicazione, un identificativo online o a uno o pi\u00f9\u0300 elementi caratteristici della sua identit\u00e0 fisica, fisiologica, genetica, psichica, economica, culturale o sociale.<\/p><p>Il \u00abtrattamento\u00bb e\u0300 qualsiasi operazione o insieme di operazioni, compiute con o senza l\u2019ausilio di processi automatizzati applicate a dati personali, quali la raccolta, la registrazione, l\u2019organizzazione, la strutturazione, la conservazione, l\u2019adattamento, la modifica, l\u2019estrazione, la consultazione, l\u2019uso, la comunicazione mediante trasmissione, la diffusione, la messa a disposizione, il raffronto, l\u2019interconnessione, la limitazione, la cancellazione, la distruzione. Il \u00abTitolare del trattamento\u00bb e\u0300 la persona giuridica che, singolarmente o insieme ad altri, determina le finalit\u00e0 e i mezzi del trattamento di dati personali. Il \u00abResponsabile del Trattamento\u00bb e\u0300 la persona fisica o giuridica che tratta i dati personali per conto del Titolare del trattamento.<br \/>Il \u00abconsenso\u00bb dell\u2019interessato e\u0300 la manifestazione di volont\u00e0\u0300 libera, specifica, informata e inequivocabile dell\u2019interessato, con la quale lo stesso manifesta il proprio assenso, mediante dichiarazione o azione positiva inequivocabile, affinch\u00e9 i dati personali che lo riguardano siano oggetto di trattamento.<\/p><p>La \u00abprofilazione\u00bb e\u0300 il trattamento con mezzi informatici e automatizzati consistente nell\u2019utilizzo di tali dati personali per valutare determinati aspetti relativi alle preferenze personali sulle attivit\u00e0 proposte dall\u2019ACE.<\/p><p><strong><br \/>Soggetti autorizzati a trattare i dati personali<br \/><\/strong>In relazione al singolo servizio richiesto, ACE potr\u00e0\u0300 trattare i Suoi dati personali unitamente ad altri:<\/p><p>Titolari, quando determinano le finalit\u00e0 e i mezzi del trattamento esclusivamente per la parte di propria competenza nell\u2019ambito dell\u2019esecuzione del servizio richiesto. Tali soggetti sono tenuti a rendere la propria informativa privacy al cliente;<\/p><p>Inoltre, per lo svolgimento di alcune attivit\u00e0 strumentali all\u2019esecuzione del servizio richiesto, ovvero in relazione ad obblighi di legge e comunque in conformit\u00e0\u00a0 alla normativa sulla protezione dei dati personali, ACE potr\u00e0 nominare i Responsabili esterni del trattamento (terze parti che effettuano il trattamento dei dati personali per conto di ACE).<\/p><p><strong><br \/>Categorie di destinatari dei dati<br \/><\/strong>Senza che sia necessario un consenso esplicito, ACE potr\u00e0\u0300 comunicare, con idonee procedure, i Suoi dati personali alle seguenti categorie di soggetti: soggetti che operano, ad esempio, in materia di fornitori di servizi software (quali, ad esempio, (quali, a titolo di esempio, TeamArtist\/ Mailchimp\/ Dropbox\/ Google) anche operanti al di fuori del territorio nazionale (anche extra UE); soggetti che si occupano di revisioni\/ispezioni degli uffici finanziari; soggetti cui tale comunicazione debba essere effettuata per adempiere a prescrizioni dettate da normative nazionali e comunitarie (ad esempio: accertamenti fiscali e tributari, nonch\u00e9\u0301 a disposizioni relative alla sicurezza). Per finalit\u00e0\u0300 amministrativo-contabili, senza che sia necessario il Suo consenso, ACE potr\u00e0\u0300 comunicare i dati personali. Tali trattamenti sono connessi allo svolgimento delle attivit\u00e0\u0300 di natura organizzativa, amministrativa, finanziaria e contabile, a prescindere dalla natura dei dati trattati e in relazione agli obblighi legali, fiscali, assicurativi e statutari, sicurezza.\u00a0 \u00a0<\/p><p><strong>\u00a0<\/strong><strong>DATA PROTECTION OFFICER. <\/strong>Il <strong>Data Protection Officer (DPO).<br \/><\/strong>\u00c8 il Responsabile della protezione dei dati personali ed e\u0300 designato dal Titolare per assolvere alle funzioni espressa-mente previste dal Regolamento europeo in materia di protezione dei dati personali. Il DPO e\u0300 reperibile presso l\u2019ufficio del Responsabile della Protezione dei Dati di ACE, all\u2019indirizzo <a href=\"mailto:segreteria@associazione-culturale-europea.eu\">segreteria@associazione-culturale-europea.eu.<\/a><\/p>\t\t\t\t\t\t\t\t<\/div>\n\t\t\t\t<\/div>\n\t\t\t\t\t<\/div>\n\t\t<\/div>\n\t\t\t\t<div class=\"elementor-column elementor-col-50 elementor-top-column elementor-element elementor-element-b426e10\" data-id=\"b426e10\" data-element_type=\"column\" data-e-type=\"column\">\n\t\t\t<div class=\"elementor-widget-wrap elementor-element-populated\">\n\t\t\t\t\t\t<div class=\"elementor-element elementor-element-69c59d0 elementor-widget elementor-widget-text-editor\" data-id=\"69c59d0\" data-element_type=\"widget\" data-e-type=\"widget\" data-widget_type=\"text-editor.default\">\n\t\t\t\t<div class=\"elementor-widget-container\">\n\t\t\t\t\t\t\t\t\t<p><strong>Origine dei dati personal<\/strong>i.<br \/>I dati personali che ACE tratta sono raccolti presso l\u2019interessato al momento della sua richiesta di adesione all\u2019Associazione.<\/p><p><strong>Base giuridica, finalit\u00e0 del trattamento e del conferimento dati<br \/><\/strong>ACE tratta i Suoi dati personali per dar corso a Sue specifiche richieste, oppure quando e\u0300 necessario nell\u2019ambito di un contratto nonch\u00e9\u0301 in conformit\u00e0\u0300 ad un obbligo di legge. I dati personali forniti saranno oggetto in relazione ad obblighi legali, fiscali, assicurativi e statutari di trattamento relativo alle finalit\u00e0 istituzionali esercitate dall&#8217;Associazione; finalizzato a rendere possibile la vita associativa nell\u2019Associazione che, tra l\u2019altro, pu\u00f2 comportare la diffusione dei dati personali nei bollettini sociali periodicamente pubblicati e diffusi anche online; relativo alla riscossione e al pagamento di quote di tesseramento, assicurative e di iscrizione ad eventi degli eventuali Enti nazionali di affiliazione, anche derivanti da specifici accordi intervenuti con gli stessi; finalizzato agli obblighi amministrativi, fiscali e contabili dell&#8217;Associazione stessa (ivi compresa l&#8217;emissione di ricevute, la produzione di certificazioni telematiche, la tenuta del libro degli Associati etc.). E in relazione e necessit\u00e0 di profilazione e di comunicazione delle attivit\u00e0 dell&#8217;Associazione, d trattamento<strong>: <\/strong>connesso alla necessit\u00e0 di comprendere, per il raggiungimento delle comuni finalit\u00e0 istituzionali statutarie, quali siano le attivit\u00e0 pi\u00f9 idonee per gli associati\/tesserati\/utenti\/clienti; connesso alla necessit\u00e0 di proporre le attivit\u00e0 pi\u00f9 idonee agli associati\/tesserati\/utenti\/clienti;<\/p><p>Si informa che, tenuto conto delle finalit\u00e0 del trattamento come sopra illustrate, il <strong>conferimento dei dati \u00e8 obbligatorio <\/strong>ed il loro mancato, parziale o inesatto conferimento potr\u00e0 avere, come conseguenza, l&#8217;impossibilit\u00e0 di svolgere l\u2019attivit\u00e0 dell&#8217;Associazione e di assolvere gli adempimenti previsti dallo Statuto stesso. Ove il soggetto che conferisce i dati abbia un&#8217;et\u00e0 inferiore ai 16 anni, tale trattamento \u00e8 lecito soltanto se e nella misura in cui, tale consenso \u00e8 prestato o autorizzato dal titolare della responsabilit\u00e0 genitoriale per il quale sono acquisiti i dati identificativi e copia dei documenti di riconoscimento.<\/p><p><strong>Modalit\u00e0 di trattamento e conservazione dei dati\u00a0 \u00a0<br \/><\/strong>Il trattamento dei Suoi dati personali sar\u00e0\u0300 effettuato sia con strumenti manuali e\/o informatici e telematici con logiche di organizzazione ed elaborazione strettamente correlate alle finalit\u00e0 stesse e comunque in modo da garantire la sicurezza, l&#8217;integrit\u00e0 e la riservatezza dei dati stessi nel rispetto delle misure organizzative, fisiche e logiche previste dalle disposizioni vigenti e in modo da impedire l\u2019accesso o l\u2019utilizzo non autorizzato dei dati personali.<\/p><p>I Suoi dati personali saranno trattati e conservati nel pieno rispetto dei principi di necessita\u0300, minimizzazione dei dati e limitazione del periodo di conservazione, mediante l\u2019adozione di mi-sure tecniche ed organizzative adeguate al livello di rischio dei trattamenti e per un arco di tempo non superiore al conseguimento delle finalit\u00e0\u0300 per le quali sono trattati (durata del rapporto di associazione e\/o mandato), comunque per il periodo previsto dalla legge anche nel caso \u00a0di revoca e\/o altro tipo di cessazione del rapporto, nei termini prescrizionali indicati nell\u2019art. 2220 del Codice Civile.<\/p><p><strong><br \/>Diritti dell\u2019interessato. <br \/><\/strong>Lei ha il diritto di ottenere da ACE l\u2019accesso ai suoi dati personali e anche alle seguenti informazioni: le finalit\u00e0\u0300 del trattamento, le categorie di dati personali, i destinatari o le categorie di destinatari a cui i dati personali sono stati o saranno comunicati (compresi destinatari di paesi terzi o organizzazioni internazionali), il periodo di conservazione dei dati personali previsto oppure, se non e\u0300 possibile, i criteri utilizzati per determinare tale periodo, l\u2019origine dei dati personali, l\u2019esistenza di un processo di profilazione e informazioni sulla logica utilizzata. Inoltre, ha il diritto di rettifica o cancellazione degli stessi o la limitazione del trattamento che lo riguardano nei casi in cui ci\u00f2 non confligga con altre disposizioni di legge; opporsi al trattamento; opporsi alla portabilit\u00e0 dei dati;<\/p><p><strong>Diritto di revoca<\/strong> <strong>al consenso<\/strong>, ove previsto nei casi in cui ci\u00f2 non confligga con altre disposizioni di legge: la revoca del consenso non pregiudica la liceit\u00e0 del trattamento basata sul consenso conferito prima della revoca;<\/p><p><strong>Diritto di proporre reclamo. <\/strong>Qualora ritenesse che i trattamenti effettuati da ACE possano aver violato le norme del Regolamento europeo in materia di protezione dei dati personali, ha diritto di proporre reclamo all\u2019Autorit\u00e0\u0300 Garante per la protezione dei dati personali ai sensi dell\u2019art. 77 del Regolamento 2016\/679\/UE. L\u2019esercizio dei suoi diritti potr\u00e0 avvenire attraverso l\u2019invio di una richiesta mediante email all\u2019indirizzo <a href=\"mailto:segreteria@associazione-culturale-europea.eu\">segreteria@associazione-culturale-europea.eu<\/a>. <strong>Trasferimento dei dati personali ad un paese terzo. <\/strong>Il trasferimento di dati personali da Paesi appartenenti all\u2019UE verso Paesi \u201cterzi\u201d non appartenenti all\u2019UE e\u0300 vietato.<\/p><p><strong>\u00a0<\/strong><strong>Tutela dei minori<\/strong>.<br \/>ACE non raccoglie dati personali sui minori.<\/p><p>Il Responsabile del Trattamento, cui \u00e8 possibile rivolgersi per esercitare i diritti di cui all&#8217;Art. 12 e\/o per eventuali chiarimenti in materia di tutela dati personali, \u00e8 raggiungibile all\u2019indirizzo: <a href=\"mailto:segreteria@associazione-culturale-europea.eu\">segreteria@associazione-culturale-europea.eu<\/a>.<\/p>\t\t\t\t\t\t\t\t<\/div>\n\t\t\t\t<\/div>\n\t\t\t\t\t<\/div>\n\t\t<\/div>\n\t\t\t\t\t<\/div>\n\t\t<\/section>\n\t\t\t\t<\/div>\n\t\t","protected":false},"excerpt":{"rendered":"<p>INFORMATIVA PRIVACY RESA AI SENSI DEL REGOLAMENTO 2016\/679\/UE GDPR (REGOLAMENTO EUROPEO SULLA PROTEZIONE DEI DATI PERSONALI) \u2013 ARTICOLI 13 E SEGUENTI L\u2019 Associazione Culturale Europea (ACE), con sede legale c\/o JRC in via Enrico Fermi n. 2749, 21027 Ispra, in qualit\u00e0 di titolare del trattamento dati desidera fornirle indicazioni circa il trattamento dei suoi dati [&hellip;]<\/p>\n","protected":false},"author":1,"featured_media":0,"parent":0,"menu_order":0,"comment_status":"closed","ping_status":"closed","template":"template\/fullwidth.php","meta":{"footnotes":""},"class_list":["post-6871","page","type-page","status-publish","hentry"],"_links":{"self":[{"href":"https:\/\/www.associazione-culturale-europea.eu\/index.php\/wp-json\/wp\/v2\/pages\/6871","targetHints":{"allow":["GET"]}}],"collection":[{"href":"https:\/\/www.associazione-culturale-europea.eu\/index.php\/wp-json\/wp\/v2\/pages"}],"about":[{"href":"https:\/\/www.associazione-culturale-europea.eu\/index.php\/wp-json\/wp\/v2\/types\/page"}],"author":[{"embeddable":true,"href":"https:\/\/www.associazione-culturale-europea.eu\/index.php\/wp-json\/wp\/v2\/users\/1"}],"replies":[{"embeddable":true,"href":"https:\/\/www.associazione-culturale-europea.eu\/index.php\/wp-json\/wp\/v2\/comments?post=6871"}],"version-history":[{"count":18,"href":"https:\/\/www.associazione-culturale-europea.eu\/index.php\/wp-json\/wp\/v2\/pages\/6871\/revisions"}],"predecessor-version":[{"id":6889,"href":"https:\/\/www.associazione-culturale-europea.eu\/index.php\/wp-json\/wp\/v2\/pages\/6871\/revisions\/6889"}],"wp:attachment":[{"href":"https:\/\/www.associazione-culturale-europea.eu\/index.php\/wp-json\/wp\/v2\/media?parent=6871"}],"curies":[{"name":"wp","href":"https:\/\/api.w.org\/{rel}","templated":true}]}}