{"id":6234,"date":"2022-11-01T10:50:14","date_gmt":"2022-11-01T09:50:14","guid":{"rendered":"https:\/\/www.associazione-culturale-europea.eu\/?page_id=6234"},"modified":"2025-12-15T11:25:26","modified_gmt":"2025-12-15T10:25:26","slug":"libri-individuali","status":"publish","type":"page","link":"https:\/\/www.associazione-culturale-europea.eu\/index.php\/libri-individuali\/","title":{"rendered":"Libri individuali"},"content":{"rendered":"\t\t<div data-elementor-type=\"wp-page\" data-elementor-id=\"6234\" class=\"elementor elementor-6234\" data-elementor-post-type=\"page\">\n\t\t\t\t\t\t<section class=\"elementor-section elementor-top-section elementor-element elementor-element-5f856c5 elementor-section-boxed elementor-section-height-default elementor-section-height-default\" data-id=\"5f856c5\" data-element_type=\"section\" data-e-type=\"section\">\n\t\t\t\t\t\t<div class=\"elementor-container elementor-column-gap-default\">\n\t\t\t\t\t<div class=\"elementor-column elementor-col-100 elementor-top-column elementor-element elementor-element-a6f1bca\" data-id=\"a6f1bca\" data-element_type=\"column\" data-e-type=\"column\">\n\t\t\t<div class=\"elementor-widget-wrap elementor-element-populated\">\n\t\t\t\t\t\t<div class=\"elementor-element elementor-element-8f537bc elementor-widget elementor-widget-heading\" data-id=\"8f537bc\" data-element_type=\"widget\" data-e-type=\"widget\" data-widget_type=\"heading.default\">\n\t\t\t\t<div class=\"elementor-widget-container\">\n\t\t\t\t\t<h2 class=\"elementor-heading-title elementor-size-default\">Libri individuali del gruppo Scrittura Creativa dell'ACE<\/h2>\t\t\t\t<\/div>\n\t\t\t\t<\/div>\n\t\t\t\t<div class=\"elementor-element elementor-element-bee7b80 elementor-widget elementor-widget-image\" data-id=\"bee7b80\" data-element_type=\"widget\" data-e-type=\"widget\" data-widget_type=\"image.default\">\n\t\t\t\t<div class=\"elementor-widget-container\">\n\t\t\t\t\t\t\t\t\t\t\t\t\t\t\t<img decoding=\"async\" src=\"https:\/\/83418066-464294297603338822.preview.editmysite.com\/uploads\/8\/3\/4\/1\/83418066\/editor\/libri-casarecci.jpg?1701939206\" title=\"\" alt=\"\" loading=\"lazy\" \/>\t\t\t\t\t\t\t\t\t\t\t\t\t\t\t<\/div>\n\t\t\t\t<\/div>\n\t\t\t\t\t<\/div>\n\t\t<\/div>\n\t\t\t\t\t<\/div>\n\t\t<\/section>\n\t\t<div class=\"elementor-element elementor-element-66da404 e-flex e-con-boxed e-con e-parent\" data-id=\"66da404\" data-element_type=\"container\" data-e-type=\"container\">\n\t\t\t\t\t<div class=\"e-con-inner\">\n\t\t\t\t<div class=\"elementor-element elementor-element-453d9c8 elementor-widget__width-initial elementor-widget elementor-widget-text-editor\" data-id=\"453d9c8\" data-element_type=\"widget\" data-e-type=\"widget\" data-widget_type=\"text-editor.default\">\n\t\t\t\t<div class=\"elementor-widget-container\">\n\t\t\t\t\t\t\t\t\t<p><span class=\"HwtZe\" lang=\"it\"><span class=\"jCAhz ChMk0b\"><span class=\"ryNqvb\">I nostri libri &#8220;fatti in casa&#8221; che consigliamo di leggere.<\/span><\/span> <span class=\"jCAhz ChMk0b\"><span class=\"ryNqvb\">Puoi acquistarli online o inviarci un messaggio per acquistarne una copia direttamente dall&#8217;autore.<\/span><\/span><\/span><\/p>\t\t\t\t\t\t\t\t<\/div>\n\t\t\t\t<\/div>\n\t\t\t\t<div class=\"elementor-element elementor-element-a385f78 elementor-widget-divider--view-line elementor-widget elementor-widget-divider\" data-id=\"a385f78\" data-element_type=\"widget\" data-e-type=\"widget\" data-widget_type=\"divider.default\">\n\t\t\t\t<div class=\"elementor-widget-container\">\n\t\t\t\t\t\t\t<div class=\"elementor-divider\">\n\t\t\t<span class=\"elementor-divider-separator\">\n\t\t\t\t\t\t<\/span>\n\t\t<\/div>\n\t\t\t\t\t\t<\/div>\n\t\t\t\t<\/div>\n\t\t\t\t\t<\/div>\n\t\t\t\t<\/div>\n\t\t<div class=\"elementor-element elementor-element-038ee5c e-grid e-con-boxed e-con e-parent\" data-id=\"038ee5c\" data-element_type=\"container\" data-e-type=\"container\">\n\t\t\t\t\t<div class=\"e-con-inner\">\n\t\t\t\t<div class=\"elementor-element elementor-element-3117414 elementor-widget elementor-widget-image\" data-id=\"3117414\" data-element_type=\"widget\" data-e-type=\"widget\" data-widget_type=\"image.default\">\n\t\t\t\t<div class=\"elementor-widget-container\">\n\t\t\t\t\t\t\t\t\t\t\t\t<figure class=\"wp-caption\">\n\t\t\t\t\t\t\t\t\t\t<img decoding=\"async\" src=\"https:\/\/83418066-464294297603338822.preview.editmysite.com\/uploads\/8\/3\/4\/1\/83418066\/140860794.jpg\" title=\"\" alt=\"\" loading=\"lazy\" \/>\t\t\t\t\t\t\t\t\t\t\t<figcaption class=\"widget-image-caption wp-caption-text\">Nella mitologia mesoamericana, il nahual era descritto come una specie di stregone con capacit\u00e0 soprannaturali, il cui dono era di adottare a piacimento la forma di qualsiasi animale. Di solito questo personaggio non godeva di buona reputazione, dati i suoi attributi di potere soprannaturale associati ad eventi specialmente negativi. Col passare del tempo, quell\u2019antica convinzione venne interpretata dalle popolazioni moderne come segno di mal auspicio. Nella storia narrata in questo libro, la leggenda del nahual riprese vita a causa della confusione creata da un moderno serial killer che, per far sparire le sue vittime, utilizzava una tecnica misteriosa che evocava poteri soprannaturali. Il panico creato tra la popolazione da questa superstizione rese difficili le indagini alla polizia, che non aveva elementi sufficienti per arrestare l\u2019assassino.<\/figcaption>\n\t\t\t\t\t\t\t\t\t\t<\/figure>\n\t\t\t\t\t\t\t\t\t<\/div>\n\t\t\t\t<\/div>\n\t\t\t\t<div class=\"elementor-element elementor-element-65bfdbe elementor-widget elementor-widget-image\" data-id=\"65bfdbe\" data-element_type=\"widget\" data-e-type=\"widget\" data-widget_type=\"image.default\">\n\t\t\t\t<div class=\"elementor-widget-container\">\n\t\t\t\t\t\t\t\t\t\t\t\t<figure class=\"wp-caption\">\n\t\t\t\t\t\t\t\t\t\t<img decoding=\"async\" src=\"https:\/\/83418066-464294297603338822.preview.editmysite.com\/uploads\/8\/3\/4\/1\/83418066\/414576931.jpg\" title=\"\" alt=\"\" loading=\"lazy\" \/>\t\t\t\t\t\t\t\t\t\t\t<figcaption class=\"widget-image-caption wp-caption-text\">Nel suo breve e turbolento regno, fra il 1560 al 1568, il re di Svezia Erik XIV affront\u00f2 guerre con i paesi vicini, l\u2019infuriare della peste, gli intrighi operati dai suoi fratellastri per esautorarlo e prendere il trono, infine il carcere e la pazzia. In mezzo a tutto ci\u00f2, troviamo l\u2019inaspettato amore per una giovane donna del popolo, che il Re volle regina di Svezia e madre di principi: un amore tenace e contrastato dalla famiglia e dalla nobilt\u00e0 di corte. Alla vicenda di vita di Karin M\u00e5nsdotter, sposa di re Erik, \u00e8 ispirato il romanzo: bench\u00e9 basato su documentazioni storiche, \u00e8 comunque un\u2019opera di fantasia, nella quale ho cercato di dare, per quanto possibile, personalit\u00e0 e vitalit\u00e0 a personaggi tratti da documenti d\u2019archivio.<\/figcaption>\n\t\t\t\t\t\t\t\t\t\t<\/figure>\n\t\t\t\t\t\t\t\t\t<\/div>\n\t\t\t\t<\/div>\n\t\t\t\t<div class=\"elementor-element elementor-element-a86e4ce elementor-widget elementor-widget-image\" data-id=\"a86e4ce\" data-element_type=\"widget\" data-e-type=\"widget\" data-widget_type=\"image.default\">\n\t\t\t\t<div class=\"elementor-widget-container\">\n\t\t\t\t\t\t\t\t\t\t\t\t<figure class=\"wp-caption\">\n\t\t\t\t\t\t\t\t\t\t<img decoding=\"async\" src=\"https:\/\/m.media-amazon.com\/images\/I\/71U4bNxypeL._UF1000,1000_QL80_.jpg\" title=\"\" alt=\"\" loading=\"lazy\" \/>\t\t\t\t\t\t\t\t\t\t\t<figcaption class=\"widget-image-caption wp-caption-text\">L\u2019assassinio di un diplomatico americano nell\u2019ambasciata degli Stati Uniti a Roma scatena il panico a Washington. Per indagare con discrezione viene cooptato Peter Montana, un comandante delle forze speciali, che si \u00e8 guadagnato l\u2019appellativo di Coguaro. Nel corso della complicata indagine romana, fra intrighi politici e traffici internazionali, il Coguaro rivive le tappe della sua trasformazione.<\/figcaption>\n\t\t\t\t\t\t\t\t\t\t<\/figure>\n\t\t\t\t\t\t\t\t\t<\/div>\n\t\t\t\t<\/div>\n\t\t\t\t\t<\/div>\n\t\t\t\t<\/div>\n\t\t<div class=\"elementor-element elementor-element-6359a18 e-flex e-con-boxed e-con e-parent\" data-id=\"6359a18\" data-element_type=\"container\" data-e-type=\"container\">\n\t\t\t\t\t<div class=\"e-con-inner\">\n\t\t<div class=\"elementor-element elementor-element-bf9e470 e-con-full e-flex e-con e-child\" data-id=\"bf9e470\" data-element_type=\"container\" data-e-type=\"container\">\n\t\t\t\t<div class=\"elementor-element elementor-element-77666ef elementor-widget__width-initial elementor-widget elementor-widget-image\" data-id=\"77666ef\" data-element_type=\"widget\" data-e-type=\"widget\" data-widget_type=\"image.default\">\n\t\t\t\t<div class=\"elementor-widget-container\">\n\t\t\t\t\t\t\t\t\t\t\t\t\t\t\t<img decoding=\"async\" src=\"https:\/\/83418066-464294297603338822.preview.editmysite.com\/uploads\/8\/3\/4\/1\/83418066\/566427281_orig.jpg\" title=\"\" alt=\"\" loading=\"lazy\" \/>\t\t\t\t\t\t\t\t\t\t\t\t\t\t\t<\/div>\n\t\t\t\t<\/div>\n\t\t\t\t<\/div>\n\t\t<div class=\"elementor-element elementor-element-1496939 e-con-full e-flex e-con e-child\" data-id=\"1496939\" data-element_type=\"container\" data-e-type=\"container\">\n\t\t<div class=\"elementor-element elementor-element-d54aafa e-flex e-con-boxed e-con e-child\" data-id=\"d54aafa\" data-element_type=\"container\" data-e-type=\"container\">\n\t\t\t\t\t<div class=\"e-con-inner\">\n\t\t\t\t<div class=\"elementor-element elementor-element-de8802a elementor-widget elementor-widget-text-editor\" data-id=\"de8802a\" data-element_type=\"widget\" data-e-type=\"widget\" data-widget_type=\"text-editor.default\">\n\t\t\t\t<div class=\"elementor-widget-container\">\n\t\t\t\t\t\t\t\t\t<h3>Rubli e Lire<\/h3><h5>di Simona Blasutig e Daniele Ossola<\/h5>\t\t\t\t\t\t\t\t<\/div>\n\t\t\t\t<\/div>\n\t\t\t\t\t<\/div>\n\t\t\t\t<\/div>\n\t\t<div class=\"elementor-element elementor-element-6dd55c4 e-flex e-con-boxed e-con e-child\" data-id=\"6dd55c4\" data-element_type=\"container\" data-e-type=\"container\">\n\t\t\t\t\t<div class=\"e-con-inner\">\n\t\t\t\t<div class=\"elementor-element elementor-element-1496d42 elementor-widget elementor-widget-text-editor\" data-id=\"1496d42\" data-element_type=\"widget\" data-e-type=\"widget\" data-widget_type=\"text-editor.default\">\n\t\t\t\t<div class=\"elementor-widget-container\">\n\t\t\t\t\t\t\t\t\t<p>Tutto si svolge tra Milano, Mosca e Roma durante gli anni \u201950 e \u201960.<br \/>Aurora ha studiato medicina ma le vicende belliche legate alla Seconda Guerra Mondiale, unite a un matrimonio fallito, la portano a cercare un lavoro prima all\u2019Ospedale di Niguarda poi presso il PRECU, un laboratorio medico privato. Attivista politica, iscritta al PCI presso il circolo \u201cLenin\u201d di viale Padova a Milano, vive le contraddizioni, in pieno boom economico, tra capitalismo e comunismo. <br \/>Contraddizioni anche nel carattere della protagonista perch\u00e9 dolce, accomodante e rispettosa nei confronti dei pazienti ma altrettanto dura e determinata verso gli uomini e quella societ\u00e0 che sta mutando in modo vorticoso.<br \/>S\u2019intrecciano varie vicende che hanno diversi protagonisti tra i quali la dolce e tenera Angelina, tecnico di radiologia, collega e amica di Aurora. Dura lavoratrice dai modi spensierati, segue poi il marito in Canada, contabile presso la falegnameria aperta dal fratello. <br \/>All\u2019improvvisa morte del marito, Angelina trover\u00e0 una pessima sorpresa&#8230;<\/p>\t\t\t\t\t\t\t\t<\/div>\n\t\t\t\t<\/div>\n\t\t\t\t\t<\/div>\n\t\t\t\t<\/div>\n\t\t\t\t<\/div>\n\t\t\t\t\t<\/div>\n\t\t\t\t<\/div>\n\t\t\t\t<\/div>\n\t\t","protected":false},"excerpt":{"rendered":"<p>Libri individuali del gruppo Scrittura Creativa dell&#8217;ACE I nostri libri &#8220;fatti in casa&#8221; che consigliamo di leggere. Puoi acquistarli online o inviarci un messaggio per acquistarne una copia direttamente dall&#8217;autore. Nella mitologia mesoamericana, il nahual era descritto come una specie di stregone con capacit\u00e0 soprannaturali, il cui dono era di adottare a piacimento la forma [&hellip;]<\/p>\n","protected":false},"author":18,"featured_media":0,"parent":0,"menu_order":0,"comment_status":"closed","ping_status":"closed","template":"template\/fullwidth.php","meta":{"footnotes":""},"class_list":["post-6234","page","type-page","status-publish","hentry"],"_links":{"self":[{"href":"https:\/\/www.associazione-culturale-europea.eu\/index.php\/wp-json\/wp\/v2\/pages\/6234","targetHints":{"allow":["GET"]}}],"collection":[{"href":"https:\/\/www.associazione-culturale-europea.eu\/index.php\/wp-json\/wp\/v2\/pages"}],"about":[{"href":"https:\/\/www.associazione-culturale-europea.eu\/index.php\/wp-json\/wp\/v2\/types\/page"}],"author":[{"embeddable":true,"href":"https:\/\/www.associazione-culturale-europea.eu\/index.php\/wp-json\/wp\/v2\/users\/18"}],"replies":[{"embeddable":true,"href":"https:\/\/www.associazione-culturale-europea.eu\/index.php\/wp-json\/wp\/v2\/comments?post=6234"}],"version-history":[{"count":81,"href":"https:\/\/www.associazione-culturale-europea.eu\/index.php\/wp-json\/wp\/v2\/pages\/6234\/revisions"}],"predecessor-version":[{"id":16238,"href":"https:\/\/www.associazione-culturale-europea.eu\/index.php\/wp-json\/wp\/v2\/pages\/6234\/revisions\/16238"}],"wp:attachment":[{"href":"https:\/\/www.associazione-culturale-europea.eu\/index.php\/wp-json\/wp\/v2\/media?parent=6234"}],"curies":[{"name":"wp","href":"https:\/\/api.w.org\/{rel}","templated":true}]}}