{"id":15074,"date":"2025-08-16T14:38:37","date_gmt":"2025-08-16T12:38:37","guid":{"rendered":"https:\/\/www.associazione-culturale-europea.eu\/?page_id=15074"},"modified":"2025-11-21T22:46:54","modified_gmt":"2025-11-21T21:46:54","slug":"antologia-dellinaspettato","status":"publish","type":"page","link":"https:\/\/www.associazione-culturale-europea.eu\/index.php\/antologia-dellinaspettato\/","title":{"rendered":"Antologia dell&#8217;inaspettato"},"content":{"rendered":"\t\t<div data-elementor-type=\"wp-page\" data-elementor-id=\"15074\" class=\"elementor elementor-15074\" data-elementor-post-type=\"page\">\n\t\t\t\t<div class=\"elementor-element elementor-element-55a945f e-flex e-con-boxed e-con e-parent\" data-id=\"55a945f\" data-element_type=\"container\" data-e-type=\"container\">\n\t\t\t\t\t<div class=\"e-con-inner\">\n\t\t\t\t<div class=\"elementor-element elementor-element-72dbd40 elementor-widget elementor-widget-heading\" data-id=\"72dbd40\" data-element_type=\"widget\" data-e-type=\"widget\" data-widget_type=\"heading.default\">\n\t\t\t\t<div class=\"elementor-widget-container\">\n\t\t\t\t\t<h2 class=\"elementor-heading-title elementor-size-default\">Libro collettivo<\/h2>\t\t\t\t<\/div>\n\t\t\t\t<\/div>\n\t\t\t\t\t<\/div>\n\t\t\t\t<\/div>\n\t\t<div class=\"elementor-element elementor-element-75b7521 e-flex e-con-boxed e-con e-parent\" data-id=\"75b7521\" data-element_type=\"container\" data-e-type=\"container\">\n\t\t\t\t\t<div class=\"e-con-inner\">\n\t\t\t\t<div class=\"elementor-element elementor-element-a3f8a4b elementor-widget elementor-widget-image\" data-id=\"a3f8a4b\" data-element_type=\"widget\" data-e-type=\"widget\" data-widget_type=\"image.default\">\n\t\t\t\t<div class=\"elementor-widget-container\">\n\t\t\t\t\t\t\t\t\t\t\t\t\t\t\t<img fetchpriority=\"high\" decoding=\"async\" width=\"640\" height=\"440\" src=\"https:\/\/www.associazione-culturale-europea.eu\/wp-content\/uploads\/2025\/11\/copertina-antologia-inaspettato-web-1-768x528.jpg\" class=\"attachment-medium_large size-medium_large wp-image-15622\" alt=\"\" srcset=\"https:\/\/www.associazione-culturale-europea.eu\/wp-content\/uploads\/2025\/11\/copertina-antologia-inaspettato-web-1-768x528.jpg 768w, https:\/\/www.associazione-culturale-europea.eu\/wp-content\/uploads\/2025\/11\/copertina-antologia-inaspettato-web-1-300x206.jpg 300w, https:\/\/www.associazione-culturale-europea.eu\/wp-content\/uploads\/2025\/11\/copertina-antologia-inaspettato-web-1-1024x704.jpg 1024w, https:\/\/www.associazione-culturale-europea.eu\/wp-content\/uploads\/2025\/11\/copertina-antologia-inaspettato-web-1-1536x1057.jpg 1536w, https:\/\/www.associazione-culturale-europea.eu\/wp-content\/uploads\/2025\/11\/copertina-antologia-inaspettato-web-1.jpg 1772w\" sizes=\"(max-width: 640px) 100vw, 640px\" \/>\t\t\t\t\t\t\t\t\t\t\t\t\t\t\t<\/div>\n\t\t\t\t<\/div>\n\t\t\t\t\t<\/div>\n\t\t\t\t<\/div>\n\t\t<div class=\"elementor-element elementor-element-f7d8e69 e-flex e-con-boxed e-con e-parent\" data-id=\"f7d8e69\" data-element_type=\"container\" data-e-type=\"container\">\n\t\t\t\t\t<div class=\"e-con-inner\">\n\t\t\t\t<div class=\"elementor-element elementor-element-ee79155 elementor-widget elementor-widget-text-editor\" data-id=\"ee79155\" data-element_type=\"widget\" data-e-type=\"widget\" data-widget_type=\"text-editor.default\">\n\t\t\t\t<div class=\"elementor-widget-container\">\n\t\t\t\t\t\t\t\t\t<p>\u201cAntologia dell\u2019inaspettato\u201d nasce dalla collaborazione di quindici autori del gruppo di Scrittura Creativa di Ispra, ciascuno con esperienze e origini diverse, ma uniti dalla passione per la narrazione. Grazie al loro talento, alle intuizioni e alla forza delle loro parole, hanno dato vita a trentadue racconti in cui il filo conduttore \u00e8, appunto, l\u2019inaspettato: storie che mescolano il quotidiano all\u2019insolito, eventi che sconvolgono e trasformano, personaggi alle prese con l\u2019imprevedibile e il misterioso. <\/p>\t\t\t\t\t\t\t\t<\/div>\n\t\t\t\t<\/div>\n\t\t\t\t\t<\/div>\n\t\t\t\t<\/div>\n\t\t<div class=\"elementor-element elementor-element-1255ccd e-flex e-con-boxed e-con e-parent\" data-id=\"1255ccd\" data-element_type=\"container\" data-e-type=\"container\">\n\t\t\t\t\t<div class=\"e-con-inner\">\n\t\t\t\t<div class=\"elementor-element elementor-element-637a28e elementor-widget-divider--view-line elementor-widget elementor-widget-divider\" data-id=\"637a28e\" data-element_type=\"widget\" data-e-type=\"widget\" data-widget_type=\"divider.default\">\n\t\t\t\t<div class=\"elementor-widget-container\">\n\t\t\t\t\t\t\t<div class=\"elementor-divider\">\n\t\t\t<span class=\"elementor-divider-separator\">\n\t\t\t\t\t\t<\/span>\n\t\t<\/div>\n\t\t\t\t\t\t<\/div>\n\t\t\t\t<\/div>\n\t\t\t\t\t<\/div>\n\t\t\t\t<\/div>\n\t\t<div class=\"elementor-element elementor-element-47497c5 e-flex e-con-boxed e-con e-parent\" data-id=\"47497c5\" data-element_type=\"container\" data-e-type=\"container\">\n\t\t\t\t\t<div class=\"e-con-inner\">\n\t\t\t\t<div class=\"elementor-element elementor-element-5c3d50f elementor-widget elementor-widget-text-editor\" data-id=\"5c3d50f\" data-element_type=\"widget\" data-e-type=\"widget\" data-widget_type=\"text-editor.default\">\n\t\t\t\t<div class=\"elementor-widget-container\">\n\t\t\t\t\t\t\t\t\t<p><span lang=\"IT\">Il libro \u00e8 disponibile esclusivamente in biblioteca ACE, non \u00e8 in vendita al pubblico. Tuttavia, la versione PDF pu\u00f2 essere utilizzata gratuitamente come e-book. <strong>Puoi sfogliare le pagine sullo schermo del tuo computer.<\/strong>. Puoi anche scaricare il PDF per usarlo su tablet o Kindle.<\/span><\/p>\t\t\t\t\t\t\t\t<\/div>\n\t\t\t\t<\/div>\n\t\t\t\t\t<\/div>\n\t\t\t\t<\/div>\n\t\t<div class=\"elementor-element elementor-element-e93d2e5 e-flex e-con-boxed e-con e-parent\" data-id=\"e93d2e5\" data-element_type=\"container\" data-e-type=\"container\">\n\t\t\t\t\t<div class=\"e-con-inner\">\n\t\t\t\t<div class=\"elementor-element elementor-element-39945bc elementor-widget elementor-widget-embedpress_pdf\" data-id=\"39945bc\" data-element_type=\"widget\" data-e-type=\"widget\" data-widget_type=\"embedpress_pdf.default\">\n\t\t\t\t<div class=\"elementor-widget-container\">\n\t\t\t\t\t    <div class=\"embedpress-document-embed ep-doc-d0c19bc6444b4438f098d8db13578af1 ose-document emebedpress-unit-percent \" data-thememode=\"default\" data-customcolor=\"\" data-toolbar=\"yes\" data-toolbar-position=\"top\" data-open=\"no\" data-presentation-mode=\"yes\" data-download=\"yes\" data-copy=\"yes\" data-add-image=\"yes\" data-rotate=\"yes\" data-details=\"yes\" data-id=\"embedpress-pdf-39945bc\" data-selection-tool=\"0\" data-scrolling=\"0\" data-spreads=\"-1\" style=\" max-width:100%; display: inline-block\">\n\n        \n                <div >\n\n                    <div id=\"ep-elementor-content-39945bc\" class=\"ep-elementor-content   ep-percentage-width   ep-content-protection-disabled\">\n                        <div id=\"39945bc\" class=\"ep-embed-content-wraper\">\n                            <div><iframe title=\"antologia inaspettato testo\" class=\"embedpress-embed-document-pdf embedpress-pdf-39945bc\" style=\"width: 600%!important;height: 600px;; max-width:100%; display: inline-block\" src=\"https:\/\/www.associazione-culturale-europea.eu\/wp-admin\/admin-ajax.php?action=get_flipbook_viewer&#038;file=https%3A%2F%2Fwww.associazione-culturale-europea.eu%2Fwp-content%2Fuploads%2F2025%2F11%2Fantologia-inaspettato-testo.pdf&#038;key=dGhlbWVNb2RlPWRlZmF1bHQmdG9vbGJhcj10cnVlJnBvc2l0aW9uPXRvcCZwcmVzZW50YXRpb249dHJ1ZSZsYXp5TG9hZD1mYWxzZSZkb3dubG9hZD10cnVlJmNvcHlfdGV4dD10cnVlJmFkZF90ZXh0PXRydWUmZHJhdz10cnVlJmFkZF9pbWFnZT10cnVlJnBkZl9yb3RhdGlvbj10cnVlJnBkZl9kZXRhaWxzPXRydWUmem9vbV9pbj10cnVlJnpvb21fb3V0PXRydWUmZml0X3ZpZXc9dHJ1ZSZib29rbWFyaz10cnVlJnNvdW5kPXRydWUmZmxpcGJvb2tfdG9vbGJhcl9wb3NpdGlvbj1ib3R0b20mc2VsZWN0aW9uX3Rvb2w9MCZzY3JvbGxpbmc9MCZzcHJlYWRzPS0xJmlzX3Byb19hY3RpdmU9MCZwYWdlTnVtYmVyPTEmd2F0ZXJtYXJrX3RleHQ9JndhdGVybWFya19mb250X3NpemU9NDgmd2F0ZXJtYXJrX2NvbG9yPSUyMzAwMDAwMCZ3YXRlcm1hcmtfb3BhY2l0eT0xNSZ3YXRlcm1hcmtfc3R5bGU9Y2VudGVy\" class=\"embedpress-embed-document-pdf embedpress-pdf-39945bc\" data-emid=\"embedpress-pdf-39945bc\" data-embed-type=\"PDF\" frameborder=\"0\"><\/iframe><p class=\"embedpress-el-powered\">Powered By EmbedPress<\/p><\/div>                        <\/div>\n\n                    <\/div>\n\n\n                   \n                <\/div>\n            \n    <\/div>\n\n\t\t\t\t<\/div>\n\t\t\t\t<\/div>\n\t\t\t\t\t<\/div>\n\t\t\t\t<\/div>\n\t\t<div class=\"elementor-element elementor-element-6781bd0 e-flex e-con-boxed e-con e-parent\" data-id=\"6781bd0\" data-element_type=\"container\" data-e-type=\"container\">\n\t\t\t\t\t<div class=\"e-con-inner\">\n\t\t\t\t<div class=\"elementor-element elementor-element-1160dab elementor-widget elementor-widget-embedpress_pdf\" data-id=\"1160dab\" data-element_type=\"widget\" data-e-type=\"widget\" data-widget_type=\"embedpress_pdf.default\">\n\t\t\t\t<div class=\"elementor-widget-container\">\n\t\t\t\t\t    <div class=\"embedpress-document-embed ep-doc-8e88af15bc584a734c1f99ad20c4b0b2 ose-document emebedpress-unit-percent \" data-thememode=\"default\" data-customcolor=\"\" data-toolbar=\"yes\" data-toolbar-position=\"top\" data-open=\"no\" data-presentation-mode=\"yes\" data-download=\"yes\" data-copy=\"yes\" data-add-image=\"yes\" data-rotate=\"yes\" data-details=\"yes\" data-id=\"embedpress-pdf-1160dab\" data-selection-tool=\"0\" data-scrolling=\"0\" data-spreads=\"-1\" style=\" max-width:100%; display: inline-block\">\n\n        \n    <\/div>\n\n\t\t\t\t<\/div>\n\t\t\t\t<\/div>\n\t\t\t\t\t<\/div>\n\t\t\t\t<\/div>\n\t\t<div class=\"elementor-element elementor-element-1ddbc82 e-flex e-con-boxed e-con e-parent\" data-id=\"1ddbc82\" data-element_type=\"container\" data-e-type=\"container\">\n\t\t\t\t\t<div class=\"e-con-inner\">\n\t\t\t\t<div class=\"elementor-element elementor-element-585dc00 elementor-widget elementor-widget-embedpress_pdf\" data-id=\"585dc00\" data-element_type=\"widget\" data-e-type=\"widget\" data-widget_type=\"embedpress_pdf.default\">\n\t\t\t\t<div class=\"elementor-widget-container\">\n\t\t\t\t\t    <div class=\"embedpress-document-embed ep-doc-b39ad90c49ce9bdb97d9524f2dd6e3bb ose-document emebedpress-unit-percent \" data-thememode=\"default\" data-customcolor=\"\" data-toolbar=\"yes\" data-toolbar-position=\"top\" data-open=\"no\" data-presentation-mode=\"yes\" data-download=\"yes\" data-copy=\"yes\" data-add-image=\"yes\" data-rotate=\"yes\" data-details=\"yes\" data-id=\"embedpress-pdf-585dc00\" data-selection-tool=\"0\" data-scrolling=\"0\" data-spreads=\"-1\" style=\" max-width:100%; display: inline-block\">\n\n        \n    <\/div>\n\n\t\t\t\t<\/div>\n\t\t\t\t<\/div>\n\t\t\t\t\t<\/div>\n\t\t\t\t<\/div>\n\t\t<div class=\"elementor-element elementor-element-9ed33af e-flex e-con-boxed e-con e-parent\" data-id=\"9ed33af\" data-element_type=\"container\" data-e-type=\"container\">\n\t\t\t\t\t<div class=\"e-con-inner\">\n\t\t<div class=\"elementor-element elementor-element-a4be076 e-con-full e-flex e-con e-child\" data-id=\"a4be076\" data-element_type=\"container\" data-e-type=\"container\">\n\t\t\t\t<div class=\"elementor-element elementor-element-60c90bd elementor-align-right elementor-widget elementor-widget-button\" data-id=\"60c90bd\" data-element_type=\"widget\" data-e-type=\"widget\" data-widget_type=\"button.default\">\n\t\t\t\t<div class=\"elementor-widget-container\">\n\t\t\t\t\t\t\t\t\t<div class=\"elementor-button-wrapper\">\n\t\t\t\t\t<a class=\"elementor-button elementor-button-link elementor-size-sm\" href=\"https:\/\/www.associazione-culturale-europea.eu\/index.php\/page-for-the-scrittura-creativa-group\/\">\n\t\t\t\t\t\t<span class=\"elementor-button-content-wrapper\">\n\t\t\t\t\t\t\t\t\t<span class=\"elementor-button-text\">Tornare al menu principale<\/span>\n\t\t\t\t\t<\/span>\n\t\t\t\t\t<\/a>\n\t\t\t\t<\/div>\n\t\t\t\t\t\t\t\t<\/div>\n\t\t\t\t<\/div>\n\t\t\t\t<\/div>\n\t\t<div class=\"elementor-element elementor-element-808c814 e-con-full e-flex e-con e-child\" data-id=\"808c814\" data-element_type=\"container\" data-e-type=\"container\">\n\t\t\t\t<div class=\"elementor-element elementor-element-77d65d9 elementor-widget elementor-widget-button\" data-id=\"77d65d9\" data-element_type=\"widget\" data-e-type=\"widget\" data-widget_type=\"button.default\">\n\t\t\t\t<div class=\"elementor-widget-container\">\n\t\t\t\t\t\t\t\t\t<div class=\"elementor-button-wrapper\">\n\t\t\t\t\t<a class=\"elementor-button elementor-button-link elementor-size-sm\" href=\"https:\/\/www.associazione-culturale-europea.eu\/index.php\/nostri-libri-casarecci\/\">\n\t\t\t\t\t\t<span class=\"elementor-button-content-wrapper\">\n\t\t\t\t\t\t\t\t\t<span class=\"elementor-button-text\">Tornare al menu \"i nostri libri casarecci\"<\/span>\n\t\t\t\t\t<\/span>\n\t\t\t\t\t<\/a>\n\t\t\t\t<\/div>\n\t\t\t\t\t\t\t\t<\/div>\n\t\t\t\t<\/div>\n\t\t\t\t<\/div>\n\t\t\t\t\t<\/div>\n\t\t\t\t<\/div>\n\t\t\t\t<\/div>\n\t\t","protected":false},"excerpt":{"rendered":"<p>Libro collettivo \u201cAntologia dell\u2019inaspettato\u201d nasce dalla collaborazione di quindici autori del gruppo di Scrittura Creativa di Ispra, ciascuno con esperienze e origini diverse, ma uniti dalla passione per la narrazione. Grazie al loro talento, alle intuizioni e alla forza delle loro parole, hanno dato vita a trentadue racconti in cui il filo conduttore \u00e8, appunto, [&hellip;]<\/p>\n","protected":false},"author":18,"featured_media":0,"parent":0,"menu_order":0,"comment_status":"closed","ping_status":"closed","template":"template\/fullwidth.php","meta":{"footnotes":""},"class_list":["post-15074","page","type-page","status-publish","hentry"],"_links":{"self":[{"href":"https:\/\/www.associazione-culturale-europea.eu\/index.php\/wp-json\/wp\/v2\/pages\/15074","targetHints":{"allow":["GET"]}}],"collection":[{"href":"https:\/\/www.associazione-culturale-europea.eu\/index.php\/wp-json\/wp\/v2\/pages"}],"about":[{"href":"https:\/\/www.associazione-culturale-europea.eu\/index.php\/wp-json\/wp\/v2\/types\/page"}],"author":[{"embeddable":true,"href":"https:\/\/www.associazione-culturale-europea.eu\/index.php\/wp-json\/wp\/v2\/users\/18"}],"replies":[{"embeddable":true,"href":"https:\/\/www.associazione-culturale-europea.eu\/index.php\/wp-json\/wp\/v2\/comments?post=15074"}],"version-history":[{"count":26,"href":"https:\/\/www.associazione-culturale-europea.eu\/index.php\/wp-json\/wp\/v2\/pages\/15074\/revisions"}],"predecessor-version":[{"id":15668,"href":"https:\/\/www.associazione-culturale-europea.eu\/index.php\/wp-json\/wp\/v2\/pages\/15074\/revisions\/15668"}],"wp:attachment":[{"href":"https:\/\/www.associazione-culturale-europea.eu\/index.php\/wp-json\/wp\/v2\/media?parent=15074"}],"curies":[{"name":"wp","href":"https:\/\/api.w.org\/{rel}","templated":true}]}}