{"id":15049,"date":"2025-08-16T14:39:39","date_gmt":"2025-08-16T12:39:39","guid":{"rendered":"https:\/\/www.associazione-culturale-europea.eu\/?page_id=15049"},"modified":"2025-11-21T22:41:26","modified_gmt":"2025-11-21T21:41:26","slug":"libro-animali-domestici","status":"publish","type":"page","link":"https:\/\/www.associazione-culturale-europea.eu\/index.php\/libro-animali-domestici\/","title":{"rendered":"Libro Animali Domestici"},"content":{"rendered":"\t\t<div data-elementor-type=\"wp-page\" data-elementor-id=\"15049\" class=\"elementor elementor-15049\" data-elementor-post-type=\"page\">\n\t\t\t\t<div class=\"elementor-element elementor-element-0e84d20 e-flex e-con-boxed e-con e-parent\" data-id=\"0e84d20\" data-element_type=\"container\" data-e-type=\"container\">\n\t\t\t\t\t<div class=\"e-con-inner\">\n\t\t\t\t<div class=\"elementor-element elementor-element-0d69bed elementor-widget elementor-widget-image\" data-id=\"0d69bed\" data-element_type=\"widget\" data-e-type=\"widget\" data-widget_type=\"image.default\">\n\t\t\t\t<div class=\"elementor-widget-container\">\n\t\t\t\t\t\t\t\t\t\t\t\t\t\t\t<img fetchpriority=\"high\" decoding=\"async\" width=\"640\" height=\"443\" src=\"https:\/\/www.associazione-culturale-europea.eu\/wp-content\/uploads\/2025\/08\/portada-abierta-pets_vf-768x532.jpg\" class=\"attachment-medium_large size-medium_large wp-image-15057\" alt=\"\" srcset=\"https:\/\/www.associazione-culturale-europea.eu\/wp-content\/uploads\/2025\/08\/portada-abierta-pets_vf-768x532.jpg 768w, https:\/\/www.associazione-culturale-europea.eu\/wp-content\/uploads\/2025\/08\/portada-abierta-pets_vf-300x208.jpg 300w, https:\/\/www.associazione-culturale-europea.eu\/wp-content\/uploads\/2025\/08\/portada-abierta-pets_vf-1024x709.jpg 1024w, https:\/\/www.associazione-culturale-europea.eu\/wp-content\/uploads\/2025\/08\/portada-abierta-pets_vf-1536x1063.jpg 1536w, https:\/\/www.associazione-culturale-europea.eu\/wp-content\/uploads\/2025\/08\/portada-abierta-pets_vf-2048x1418.jpg 2048w\" sizes=\"(max-width: 640px) 100vw, 640px\" \/>\t\t\t\t\t\t\t\t\t\t\t\t\t\t\t<\/div>\n\t\t\t\t<\/div>\n\t\t\t\t\t<\/div>\n\t\t\t\t<\/div>\n\t\t<div class=\"elementor-element elementor-element-06edb8f e-flex e-con-boxed e-con e-parent\" data-id=\"06edb8f\" data-element_type=\"container\" data-e-type=\"container\">\n\t\t\t\t\t<div class=\"e-con-inner\">\n\t\t\t\t<div class=\"elementor-element elementor-element-16fc5a4 elementor-widget elementor-widget-heading\" data-id=\"16fc5a4\" data-element_type=\"widget\" data-e-type=\"widget\" data-widget_type=\"heading.default\">\n\t\t\t\t<div class=\"elementor-widget-container\">\n\t\t\t\t\t<h2 class=\"elementor-heading-title elementor-size-default\"><strong><h3><span><strong>\u201cVite a Quattro Zampe: Storie di Amicizia e Affetto\u201d<\/strong><\/span><\/h3><\/strong><\/h2>\t\t\t\t<\/div>\n\t\t\t\t<\/div>\n\t\t\t\t\t<\/div>\n\t\t\t\t<\/div>\n\t\t<div class=\"elementor-element elementor-element-3153160 e-flex e-con-boxed e-con e-parent\" data-id=\"3153160\" data-element_type=\"container\" data-e-type=\"container\">\n\t\t\t\t\t<div class=\"e-con-inner\">\n\t\t\t\t<div class=\"elementor-element elementor-element-5a9f2e6 elementor-widget elementor-widget-text-editor\" data-id=\"5a9f2e6\" data-element_type=\"widget\" data-e-type=\"widget\" data-widget_type=\"text-editor.default\">\n\t\t\t\t<div class=\"elementor-widget-container\">\n\t\t\t\t\t\t\t\t\t<p class=\"my-2 [&amp;+p]:mt-4 [&amp;_strong:has(+br)]:inline-block [&amp;_strong:has(+br)]:pb-2\">Il Settore Scrittura Creativa dell\u2019ACE ha coordinato un progetto originale e affettuoso: la realizzazione di un libro dedicato agli animali domestici dei membri del nostro centro. Gatti, cani, pappagalli, conigli e tutte le altre adorabili mascotte che arricchiscono le vostre vite sono i protagonisti di questa raccolta unica.<\/p><p class=\"my-2 [&amp;+p]:mt-4 [&amp;_strong:has(+br)]:inline-block [&amp;_strong:has(+br)]:pb-2\">Questo libro non \u00e8 solo un tributo agli animali che arricchiscono le nostre vite, ma anche un\u2019occasione per condividere una parte personale e intima di noi stessi con i colleghi. Ogni storia contribuisce a celebrare il legame speciale tra umani e animali, riflettendo il valore della diversit\u00e0 e della comunit\u00e0 nel nostro centro.<\/p>\t\t\t\t\t\t\t\t<\/div>\n\t\t\t\t<\/div>\n\t\t\t\t\t<\/div>\n\t\t\t\t<\/div>\n\t\t<div class=\"elementor-element elementor-element-c711be1 e-flex e-con-boxed e-con e-parent\" data-id=\"c711be1\" data-element_type=\"container\" data-e-type=\"container\">\n\t\t\t\t\t<div class=\"e-con-inner\">\n\t\t\t\t<div class=\"elementor-element elementor-element-9501a9c elementor-widget-divider--view-line elementor-widget elementor-widget-divider\" data-id=\"9501a9c\" data-element_type=\"widget\" data-e-type=\"widget\" data-widget_type=\"divider.default\">\n\t\t\t\t<div class=\"elementor-widget-container\">\n\t\t\t\t\t\t\t<div class=\"elementor-divider\">\n\t\t\t<span class=\"elementor-divider-separator\">\n\t\t\t\t\t\t<\/span>\n\t\t<\/div>\n\t\t\t\t\t\t<\/div>\n\t\t\t\t<\/div>\n\t\t\t\t\t<\/div>\n\t\t\t\t<\/div>\n\t\t<div class=\"elementor-element elementor-element-abc703b e-flex e-con-boxed e-con e-parent\" data-id=\"abc703b\" data-element_type=\"container\" data-e-type=\"container\">\n\t\t\t\t\t<div class=\"e-con-inner\">\n\t\t\t\t<div class=\"elementor-element elementor-element-d8b45bb elementor-widget elementor-widget-text-editor\" data-id=\"d8b45bb\" data-element_type=\"widget\" data-e-type=\"widget\" data-widget_type=\"text-editor.default\">\n\t\t\t\t<div class=\"elementor-widget-container\">\n\t\t\t\t\t\t\t\t\t<p><span lang=\"IT\">Il libro \u00e8 disponibile esclusivamente in biblioteca ACE, non \u00e8 in vendita al pubblico. Tuttavia, la versione PDF pu\u00f2 essere utilizzata gratuitamente come e-book. <strong>Puoi sfogliare le pagine sullo schermo del tuo computer<\/strong>. Puoi anche scaricare il PDF per usarlo su tablet o Kindle.<\/span><\/p>\t\t\t\t\t\t\t\t<\/div>\n\t\t\t\t<\/div>\n\t\t\t\t\t<\/div>\n\t\t\t\t<\/div>\n\t\t<div class=\"elementor-element elementor-element-9ba9fbe e-flex e-con-boxed e-con e-parent\" data-id=\"9ba9fbe\" data-element_type=\"container\" data-e-type=\"container\">\n\t\t\t\t\t<div class=\"e-con-inner\">\n\t\t\t\t<div class=\"elementor-element elementor-element-1d0ef04 elementor-widget elementor-widget-embedpress_pdf\" data-id=\"1d0ef04\" data-element_type=\"widget\" data-e-type=\"widget\" data-widget_type=\"embedpress_pdf.default\">\n\t\t\t\t<div class=\"elementor-widget-container\">\n\t\t\t\t\t    <div class=\"embedpress-document-embed ep-doc-df343d7f84d83e39efbd53bdd7ae9951 ose-document emebedpress-unit-percent \" data-thememode=\"default\" data-customcolor=\"\" data-toolbar=\"yes\" data-toolbar-position=\"top\" data-open=\"no\" data-presentation-mode=\"yes\" data-download=\"yes\" data-copy=\"yes\" data-add-image=\"yes\" data-rotate=\"yes\" data-details=\"yes\" data-id=\"embedpress-pdf-1d0ef04\" data-selection-tool=\"0\" data-scrolling=\"0\" data-spreads=\"-1\" style=\" max-width:100%; display: inline-block\">\n\n        \n                <div >\n\n                    <div id=\"ep-elementor-content-1d0ef04\" class=\"ep-elementor-content   ep-percentage-width   ep-content-protection-disabled\">\n                        <div id=\"1d0ef04\" class=\"ep-embed-content-wraper\">\n                            <div><iframe title=\"Libro pet_vf inviato 4\" class=\"embedpress-embed-document-pdf embedpress-pdf-1d0ef04\" style=\"width: 600%!important;height: 962px;; max-width:100%; display: inline-block\" src=\"https:\/\/www.associazione-culturale-europea.eu\/wp-admin\/admin-ajax.php?action=get_flipbook_viewer&#038;file=https%3A%2F%2Fwww.associazione-culturale-europea.eu%2Fwp-content%2Fuploads%2F2025%2F08%2FLibro-pet_vf-inviato-4.pdf&#038;key=dGhlbWVNb2RlPWRlZmF1bHQmdG9vbGJhcj10cnVlJnBvc2l0aW9uPXRvcCZwcmVzZW50YXRpb249dHJ1ZSZsYXp5TG9hZD1mYWxzZSZkb3dubG9hZD10cnVlJmNvcHlfdGV4dD10cnVlJmFkZF90ZXh0PXRydWUmZHJhdz10cnVlJmFkZF9pbWFnZT10cnVlJnBkZl9yb3RhdGlvbj10cnVlJnBkZl9kZXRhaWxzPXRydWUmem9vbV9pbj10cnVlJnpvb21fb3V0PXRydWUmZml0X3ZpZXc9dHJ1ZSZib29rbWFyaz10cnVlJnNvdW5kPXRydWUmZmxpcGJvb2tfdG9vbGJhcl9wb3NpdGlvbj1ib3R0b20mc2VsZWN0aW9uX3Rvb2w9MCZzY3JvbGxpbmc9MCZzcHJlYWRzPS0xJmlzX3Byb19hY3RpdmU9MCZwYWdlTnVtYmVyPTEmd2F0ZXJtYXJrX3RleHQ9JndhdGVybWFya19mb250X3NpemU9NDgmd2F0ZXJtYXJrX2NvbG9yPSUyMzAwMDAwMCZ3YXRlcm1hcmtfb3BhY2l0eT0xNSZ3YXRlcm1hcmtfc3R5bGU9Y2VudGVy\" class=\"embedpress-embed-document-pdf embedpress-pdf-1d0ef04\" data-emid=\"embedpress-pdf-1d0ef04\" data-embed-type=\"PDF\" frameborder=\"0\"><\/iframe><p class=\"embedpress-el-powered\">Powered By EmbedPress<\/p><\/div>                        <\/div>\n\n                    <\/div>\n\n\n                   \n                <\/div>\n            \n    <\/div>\n\n\t\t\t\t<\/div>\n\t\t\t\t<\/div>\n\t\t\t\t\t<\/div>\n\t\t\t\t<\/div>\n\t\t<div class=\"elementor-element elementor-element-8f2ed8c e-flex e-con-boxed e-con e-parent\" data-id=\"8f2ed8c\" data-element_type=\"container\" data-e-type=\"container\">\n\t\t\t\t\t<div class=\"e-con-inner\">\n\t\t<div class=\"elementor-element elementor-element-8e9731d e-con-full e-flex e-con e-child\" data-id=\"8e9731d\" data-element_type=\"container\" data-e-type=\"container\">\n\t\t\t\t<div class=\"elementor-element elementor-element-356f9c8 elementor-align-right elementor-widget elementor-widget-button\" data-id=\"356f9c8\" data-element_type=\"widget\" data-e-type=\"widget\" data-widget_type=\"button.default\">\n\t\t\t\t<div class=\"elementor-widget-container\">\n\t\t\t\t\t\t\t\t\t<div class=\"elementor-button-wrapper\">\n\t\t\t\t\t<a class=\"elementor-button elementor-button-link elementor-size-sm\" href=\"https:\/\/www.associazione-culturale-europea.eu\/index.php\/page-for-the-scrittura-creativa-group\/\">\n\t\t\t\t\t\t<span class=\"elementor-button-content-wrapper\">\n\t\t\t\t\t\t\t\t\t<span class=\"elementor-button-text\">Tornare al menu principale<\/span>\n\t\t\t\t\t<\/span>\n\t\t\t\t\t<\/a>\n\t\t\t\t<\/div>\n\t\t\t\t\t\t\t\t<\/div>\n\t\t\t\t<\/div>\n\t\t\t\t<\/div>\n\t\t<div class=\"elementor-element elementor-element-7be92eb e-con-full e-flex e-con e-child\" data-id=\"7be92eb\" data-element_type=\"container\" data-e-type=\"container\">\n\t\t\t\t<div class=\"elementor-element elementor-element-3eda874 elementor-widget elementor-widget-button\" data-id=\"3eda874\" data-element_type=\"widget\" data-e-type=\"widget\" data-widget_type=\"button.default\">\n\t\t\t\t<div class=\"elementor-widget-container\">\n\t\t\t\t\t\t\t\t\t<div class=\"elementor-button-wrapper\">\n\t\t\t\t\t<a class=\"elementor-button elementor-button-link elementor-size-sm\" href=\"https:\/\/www.associazione-culturale-europea.eu\/index.php\/nostri-libri-casarecci\/\">\n\t\t\t\t\t\t<span class=\"elementor-button-content-wrapper\">\n\t\t\t\t\t\t\t\t\t<span class=\"elementor-button-text\">Tornare al menu \"i nostri libri casarecci\"<\/span>\n\t\t\t\t\t<\/span>\n\t\t\t\t\t<\/a>\n\t\t\t\t<\/div>\n\t\t\t\t\t\t\t\t<\/div>\n\t\t\t\t<\/div>\n\t\t\t\t<\/div>\n\t\t\t\t\t<\/div>\n\t\t\t\t<\/div>\n\t\t\t\t<\/div>\n\t\t","protected":false},"excerpt":{"rendered":"<p>\u201cVite a Quattro Zampe: Storie di Amicizia e Affetto\u201d Il Settore Scrittura Creativa dell\u2019ACE ha coordinato un progetto originale e affettuoso: la realizzazione di un libro dedicato agli animali domestici dei membri del nostro centro. Gatti, cani, pappagalli, conigli e tutte le altre adorabili mascotte che arricchiscono le vostre vite sono i protagonisti di questa [&hellip;]<\/p>\n","protected":false},"author":18,"featured_media":0,"parent":0,"menu_order":0,"comment_status":"closed","ping_status":"closed","template":"template\/fullwidth.php","meta":{"footnotes":""},"class_list":["post-15049","page","type-page","status-publish","hentry"],"_links":{"self":[{"href":"https:\/\/www.associazione-culturale-europea.eu\/index.php\/wp-json\/wp\/v2\/pages\/15049","targetHints":{"allow":["GET"]}}],"collection":[{"href":"https:\/\/www.associazione-culturale-europea.eu\/index.php\/wp-json\/wp\/v2\/pages"}],"about":[{"href":"https:\/\/www.associazione-culturale-europea.eu\/index.php\/wp-json\/wp\/v2\/types\/page"}],"author":[{"embeddable":true,"href":"https:\/\/www.associazione-culturale-europea.eu\/index.php\/wp-json\/wp\/v2\/users\/18"}],"replies":[{"embeddable":true,"href":"https:\/\/www.associazione-culturale-europea.eu\/index.php\/wp-json\/wp\/v2\/comments?post=15049"}],"version-history":[{"count":38,"href":"https:\/\/www.associazione-culturale-europea.eu\/index.php\/wp-json\/wp\/v2\/pages\/15049\/revisions"}],"predecessor-version":[{"id":15662,"href":"https:\/\/www.associazione-culturale-europea.eu\/index.php\/wp-json\/wp\/v2\/pages\/15049\/revisions\/15662"}],"wp:attachment":[{"href":"https:\/\/www.associazione-culturale-europea.eu\/index.php\/wp-json\/wp\/v2\/media?parent=15049"}],"curies":[{"name":"wp","href":"https:\/\/api.w.org\/{rel}","templated":true}]}}